{"id":231,"date":"2022-02-23T13:33:01","date_gmt":"2022-02-23T13:33:01","guid":{"rendered":"https:\/\/trnava-holidayinn.ms.decms.eu\/?page_id=231"},"modified":"2022-02-23T13:33:01","modified_gmt":"2022-02-23T13:33:01","slug":"cerveny-kamen","status":"publish","type":"page","link":"https:\/\/www.holidayinn-trnava.sk\/en\/places-to-visit\/cerveny-kamen\/","title":{"rendered":"\u010cerven\u00fd Kame\u0148"},"content":{"rendered":"<p>The Red Stone Castle was first mentioned in 1240. In the 16th century, the new part of castle was built, but burned down several times. It was damaged during the Second World War and repairs began in 1947. Today it is a National Cultural Monument.<\/p>\n","protected":false},"excerpt":{"rendered":"<p>The Red Stone Castle was first mentioned in 1240. In the 16th century, the new part of castle was built, but burned down several times. It was damaged during the Second World War and repairs began in 1947. Today it is a National Cultural Monument.<\/p>\n","protected":false},"author":7,"featured_media":0,"parent":223,"menu_order":7,"comment_status":"closed","ping_status":"closed","template":"","meta":{"footnotes":""},"class_list":["post-231","page","type-page","status-publish","hentry"],"yoast_head":"<!-- This site is optimized with the Yoast SEO plugin v26.9 - https:\/\/yoast.com\/product\/yoast-seo-wordpress\/ -->\n<title>\u010cerven\u00fd Kame\u0148 &#8212; Holiday Inn Trnava &#8212;<\/title>\n<meta name=\"description\" content=\"The Red Stone Castle was first mentioned in 1240. In the 16th century, the new part of castle was built, but burned down several times\" \/>\n<meta name=\"robots\" content=\"index, follow, max-snippet:-1, max-image-preview:large, max-video-preview:-1\" \/>\n<link rel=\"canonical\" href=\"https:\/\/www.holidayinn-trnava.sk\/en\/places-to-visit\/cerveny-kamen\/\" \/>\n<meta property=\"og:locale\" content=\"en_US\" \/>\n<meta property=\"og:type\" content=\"article\" \/>\n<meta property=\"og:title\" content=\"\u010cerven\u00fd Kame\u0148 &#8212; Holiday Inn Trnava &#8212;\" \/>\n<meta property=\"og:description\" content=\"The Red Stone Castle was first mentioned in 1240. In the 16th century, the new part of castle was built, but burned down several times\" \/>\n<meta property=\"og:url\" content=\"https:\/\/www.holidayinn-trnava.sk\/en\/places-to-visit\/cerveny-kamen\/\" \/>\n<meta property=\"og:site_name\" content=\"Holiday Inn Trnava\" \/>\n<meta name=\"twitter:card\" content=\"summary_large_image\" \/>\n<meta name=\"twitter:label1\" content=\"Est. reading time\" \/>\n\t<meta name=\"twitter:data1\" content=\"1 minute\" \/>\n<script type=\"application\/ld+json\" class=\"yoast-schema-graph\">{\"@context\":\"https:\/\/schema.org\",\"@graph\":[{\"@type\":\"WebPage\",\"@id\":\"https:\/\/www.holidayinn-trnava.sk\/en\/places-to-visit\/cerveny-kamen\/\",\"url\":\"https:\/\/www.holidayinn-trnava.sk\/en\/places-to-visit\/cerveny-kamen\/\",\"name\":\"\u010cerven\u00fd Kame\u0148 &#8212; Holiday Inn Trnava &#8212;\",\"isPartOf\":{\"@id\":\"https:\/\/www.holidayinn-trnava.sk\/en\/#website\"},\"datePublished\":\"2022-02-23T13:33:01+00:00\",\"description\":\"The Red Stone Castle was first mentioned in 1240. In the 16th century, the new part of castle was built, but burned down several times\",\"breadcrumb\":{\"@id\":\"https:\/\/www.holidayinn-trnava.sk\/en\/places-to-visit\/cerveny-kamen\/#breadcrumb\"},\"inLanguage\":\"en-US\",\"potentialAction\":[{\"@type\":\"ReadAction\",\"target\":[\"https:\/\/www.holidayinn-trnava.sk\/en\/places-to-visit\/cerveny-kamen\/\"]}]},{\"@type\":\"BreadcrumbList\",\"@id\":\"https:\/\/www.holidayinn-trnava.sk\/en\/places-to-visit\/cerveny-kamen\/#breadcrumb\",\"itemListElement\":[{\"@type\":\"ListItem\",\"position\":1,\"name\":\"Home\",\"item\":\"https:\/\/www.holidayinn-trnava.sk\/en\/\"},{\"@type\":\"ListItem\",\"position\":2,\"name\":\"Places to visit\",\"item\":\"https:\/\/www.holidayinn-trnava.sk\/en\/places-to-visit\/\"},{\"@type\":\"ListItem\",\"position\":3,\"name\":\"\u010cerven\u00fd Kame\u0148\"}]},{\"@type\":\"WebSite\",\"@id\":\"https:\/\/www.holidayinn-trnava.sk\/en\/#website\",\"url\":\"https:\/\/www.holidayinn-trnava.sk\/en\/\",\"name\":\"Holiday Inn Trnava\",\"description\":\"Just another ms.decms.eu site\",\"potentialAction\":[{\"@type\":\"SearchAction\",\"target\":{\"@type\":\"EntryPoint\",\"urlTemplate\":\"https:\/\/www.holidayinn-trnava.sk\/en\/?s={search_term_string}\"},\"query-input\":{\"@type\":\"PropertyValueSpecification\",\"valueRequired\":true,\"valueName\":\"search_term_string\"}}],\"inLanguage\":\"en-US\"}]}<\/script>\n<!-- \/ Yoast SEO plugin. -->","yoast_head_json":{"title":"\u010cerven\u00fd Kame\u0148 &#8212; Holiday Inn Trnava &#8212;","description":"The Red Stone Castle was first mentioned in 1240. In the 16th century, the new part of castle was built, but burned down several times","robots":{"index":"index","follow":"follow","max-snippet":"max-snippet:-1","max-image-preview":"max-image-preview:large","max-video-preview":"max-video-preview:-1"},"canonical":"https:\/\/www.holidayinn-trnava.sk\/en\/places-to-visit\/cerveny-kamen\/","og_locale":"en_US","og_type":"article","og_title":"\u010cerven\u00fd Kame\u0148 &#8212; Holiday Inn Trnava &#8212;","og_description":"The Red Stone Castle was first mentioned in 1240. In the 16th century, the new part of castle was built, but burned down several times","og_url":"https:\/\/www.holidayinn-trnava.sk\/en\/places-to-visit\/cerveny-kamen\/","og_site_name":"Holiday Inn Trnava","twitter_card":"summary_large_image","twitter_misc":{"Est. reading time":"1 minute"},"schema":{"@context":"https:\/\/schema.org","@graph":[{"@type":"WebPage","@id":"https:\/\/www.holidayinn-trnava.sk\/en\/places-to-visit\/cerveny-kamen\/","url":"https:\/\/www.holidayinn-trnava.sk\/en\/places-to-visit\/cerveny-kamen\/","name":"\u010cerven\u00fd Kame\u0148 &#8212; Holiday Inn Trnava &#8212;","isPartOf":{"@id":"https:\/\/www.holidayinn-trnava.sk\/en\/#website"},"datePublished":"2022-02-23T13:33:01+00:00","description":"The Red Stone Castle was first mentioned in 1240. In the 16th century, the new part of castle was built, but burned down several times","breadcrumb":{"@id":"https:\/\/www.holidayinn-trnava.sk\/en\/places-to-visit\/cerveny-kamen\/#breadcrumb"},"inLanguage":"en-US","potentialAction":[{"@type":"ReadAction","target":["https:\/\/www.holidayinn-trnava.sk\/en\/places-to-visit\/cerveny-kamen\/"]}]},{"@type":"BreadcrumbList","@id":"https:\/\/www.holidayinn-trnava.sk\/en\/places-to-visit\/cerveny-kamen\/#breadcrumb","itemListElement":[{"@type":"ListItem","position":1,"name":"Home","item":"https:\/\/www.holidayinn-trnava.sk\/en\/"},{"@type":"ListItem","position":2,"name":"Places to visit","item":"https:\/\/www.holidayinn-trnava.sk\/en\/places-to-visit\/"},{"@type":"ListItem","position":3,"name":"\u010cerven\u00fd Kame\u0148"}]},{"@type":"WebSite","@id":"https:\/\/www.holidayinn-trnava.sk\/en\/#website","url":"https:\/\/www.holidayinn-trnava.sk\/en\/","name":"Holiday Inn Trnava","description":"Just another ms.decms.eu site","potentialAction":[{"@type":"SearchAction","target":{"@type":"EntryPoint","urlTemplate":"https:\/\/www.holidayinn-trnava.sk\/en\/?s={search_term_string}"},"query-input":{"@type":"PropertyValueSpecification","valueRequired":true,"valueName":"search_term_string"}}],"inLanguage":"en-US"}]}},"acf":[],"_links":{"self":[{"href":"https:\/\/www.holidayinn-trnava.sk\/en\/wp-json\/wp\/v2\/pages\/231","targetHints":{"allow":["GET"]}}],"collection":[{"href":"https:\/\/www.holidayinn-trnava.sk\/en\/wp-json\/wp\/v2\/pages"}],"about":[{"href":"https:\/\/www.holidayinn-trnava.sk\/en\/wp-json\/wp\/v2\/types\/page"}],"author":[{"embeddable":true,"href":"https:\/\/www.holidayinn-trnava.sk\/en\/wp-json\/wp\/v2\/users\/7"}],"replies":[{"embeddable":true,"href":"https:\/\/www.holidayinn-trnava.sk\/en\/wp-json\/wp\/v2\/comments?post=231"}],"version-history":[{"count":0,"href":"https:\/\/www.holidayinn-trnava.sk\/en\/wp-json\/wp\/v2\/pages\/231\/revisions"}],"up":[{"embeddable":true,"href":"https:\/\/www.holidayinn-trnava.sk\/en\/wp-json\/wp\/v2\/pages\/223"}],"wp:attachment":[{"href":"https:\/\/www.holidayinn-trnava.sk\/en\/wp-json\/wp\/v2\/media?parent=231"}],"curies":[{"name":"wp","href":"https:\/\/api.w.org\/{rel}","templated":true}]}}