{"id":228,"date":"2022-02-23T13:28:34","date_gmt":"2022-02-23T13:28:34","guid":{"rendered":"https:\/\/trnava-holidayinn.ms.decms.eu\/?page_id=228"},"modified":"2022-02-23T13:30:21","modified_gmt":"2022-02-23T13:30:21","slug":"cathedral-of-st-jan-krstitel","status":"publish","type":"page","link":"https:\/\/www.holidayinn-trnava.sk\/en\/places-to-visit\/cathedral-of-st-jan-krstitel\/","title":{"rendered":"Cathedral of st. J\u00e1n krstite\u013e"},"content":{"rendered":"<p>The first early-Baroque building in Slovakia is one of the most beautiful ones in Europe. It was built by Italian architects Pietro and Antonio Spazzovci. <\/p>\n<p>It was part of the university buildings. The gem of the interior design, is the autentic all-wood main altar built in 1640, which is 20,3 meters high and 14,8 meters wide. The altar is richly gilded and polychromed. It\u2019s made up of three altar paintings, 27 life-sized statues of the saints of the Old and New Testaments, and several smaller ones. <\/p>\n<p>The main altarpiece is the Baptism of Jesus Christ, followed by other scenes from the life of St. John the Baptist depicted on cloths in the church vault. Below the church there is a crypt in which the members of the Society of Jesus and the family of palatine Mikul\u00e1\u0161 Esterh\u00e1zi are buried. Since 1977, it has been the Cathedral of the Archdiocese of Trnava. Pope John Paul II. visited the cathedral in 2003.<\/p>\n","protected":false},"excerpt":{"rendered":"<p>The first early-Baroque building in Slovakia is one of the most beautiful ones in Europe. It was built by Italian architects Pietro and Antonio Spazzovci. It was part of the university buildings. The gem of the interior design, is the autentic all-wood main altar built in 1640, which is 20,3 meters high and 14,8 meters [&hellip;]<\/p>\n","protected":false},"author":7,"featured_media":0,"parent":223,"menu_order":4,"comment_status":"closed","ping_status":"closed","template":"","meta":{"footnotes":""},"class_list":["post-228","page","type-page","status-publish","hentry"],"yoast_head":"<!-- This site is optimized with the Yoast SEO plugin v26.9 - https:\/\/yoast.com\/product\/yoast-seo-wordpress\/ -->\n<title>Cathedral of st. J\u00e1n krstite\u013e &#8212; Holiday Inn Trnava &#8212;<\/title>\n<meta name=\"description\" content=\"The first early-Baroque building in Slovakia is one of the most beautiful ones in Europe. It was built by Italian architects Pietro and Antonio Spazzovci\" \/>\n<meta name=\"robots\" content=\"index, follow, max-snippet:-1, max-image-preview:large, max-video-preview:-1\" \/>\n<link rel=\"canonical\" href=\"https:\/\/www.holidayinn-trnava.sk\/en\/places-to-visit\/cathedral-of-st-jan-krstitel\/\" \/>\n<meta property=\"og:locale\" content=\"en_US\" \/>\n<meta property=\"og:type\" content=\"article\" \/>\n<meta property=\"og:title\" content=\"Cathedral of st. J\u00e1n krstite\u013e &#8212; Holiday Inn Trnava &#8212;\" \/>\n<meta property=\"og:description\" content=\"The first early-Baroque building in Slovakia is one of the most beautiful ones in Europe. It was built by Italian architects Pietro and Antonio Spazzovci\" \/>\n<meta property=\"og:url\" content=\"https:\/\/www.holidayinn-trnava.sk\/en\/places-to-visit\/cathedral-of-st-jan-krstitel\/\" \/>\n<meta property=\"og:site_name\" content=\"Holiday Inn Trnava\" \/>\n<meta property=\"article:modified_time\" content=\"2022-02-23T13:30:21+00:00\" \/>\n<meta name=\"twitter:card\" content=\"summary_large_image\" \/>\n<meta name=\"twitter:label1\" content=\"Est. reading time\" \/>\n\t<meta name=\"twitter:data1\" content=\"1 minute\" \/>\n<script type=\"application\/ld+json\" class=\"yoast-schema-graph\">{\"@context\":\"https:\/\/schema.org\",\"@graph\":[{\"@type\":\"WebPage\",\"@id\":\"https:\/\/www.holidayinn-trnava.sk\/en\/places-to-visit\/cathedral-of-st-jan-krstitel\/\",\"url\":\"https:\/\/www.holidayinn-trnava.sk\/en\/places-to-visit\/cathedral-of-st-jan-krstitel\/\",\"name\":\"Cathedral of st. J\u00e1n krstite\u013e &#8212; Holiday Inn Trnava &#8212;\",\"isPartOf\":{\"@id\":\"https:\/\/www.holidayinn-trnava.sk\/en\/#website\"},\"datePublished\":\"2022-02-23T13:28:34+00:00\",\"dateModified\":\"2022-02-23T13:30:21+00:00\",\"description\":\"The first early-Baroque building in Slovakia is one of the most beautiful ones in Europe. It was built by Italian architects Pietro and Antonio Spazzovci\",\"breadcrumb\":{\"@id\":\"https:\/\/www.holidayinn-trnava.sk\/en\/places-to-visit\/cathedral-of-st-jan-krstitel\/#breadcrumb\"},\"inLanguage\":\"en-US\",\"potentialAction\":[{\"@type\":\"ReadAction\",\"target\":[\"https:\/\/www.holidayinn-trnava.sk\/en\/places-to-visit\/cathedral-of-st-jan-krstitel\/\"]}]},{\"@type\":\"BreadcrumbList\",\"@id\":\"https:\/\/www.holidayinn-trnava.sk\/en\/places-to-visit\/cathedral-of-st-jan-krstitel\/#breadcrumb\",\"itemListElement\":[{\"@type\":\"ListItem\",\"position\":1,\"name\":\"Home\",\"item\":\"https:\/\/www.holidayinn-trnava.sk\/en\/\"},{\"@type\":\"ListItem\",\"position\":2,\"name\":\"Places to visit\",\"item\":\"https:\/\/www.holidayinn-trnava.sk\/en\/places-to-visit\/\"},{\"@type\":\"ListItem\",\"position\":3,\"name\":\"Cathedral of st. J\u00e1n krstite\u013e\"}]},{\"@type\":\"WebSite\",\"@id\":\"https:\/\/www.holidayinn-trnava.sk\/en\/#website\",\"url\":\"https:\/\/www.holidayinn-trnava.sk\/en\/\",\"name\":\"Holiday Inn Trnava\",\"description\":\"Just another ms.decms.eu site\",\"potentialAction\":[{\"@type\":\"SearchAction\",\"target\":{\"@type\":\"EntryPoint\",\"urlTemplate\":\"https:\/\/www.holidayinn-trnava.sk\/en\/?s={search_term_string}\"},\"query-input\":{\"@type\":\"PropertyValueSpecification\",\"valueRequired\":true,\"valueName\":\"search_term_string\"}}],\"inLanguage\":\"en-US\"}]}<\/script>\n<!-- \/ Yoast SEO plugin. -->","yoast_head_json":{"title":"Cathedral of st. J\u00e1n krstite\u013e &#8212; Holiday Inn Trnava &#8212;","description":"The first early-Baroque building in Slovakia is one of the most beautiful ones in Europe. It was built by Italian architects Pietro and Antonio Spazzovci","robots":{"index":"index","follow":"follow","max-snippet":"max-snippet:-1","max-image-preview":"max-image-preview:large","max-video-preview":"max-video-preview:-1"},"canonical":"https:\/\/www.holidayinn-trnava.sk\/en\/places-to-visit\/cathedral-of-st-jan-krstitel\/","og_locale":"en_US","og_type":"article","og_title":"Cathedral of st. J\u00e1n krstite\u013e &#8212; Holiday Inn Trnava &#8212;","og_description":"The first early-Baroque building in Slovakia is one of the most beautiful ones in Europe. It was built by Italian architects Pietro and Antonio Spazzovci","og_url":"https:\/\/www.holidayinn-trnava.sk\/en\/places-to-visit\/cathedral-of-st-jan-krstitel\/","og_site_name":"Holiday Inn Trnava","article_modified_time":"2022-02-23T13:30:21+00:00","twitter_card":"summary_large_image","twitter_misc":{"Est. reading time":"1 minute"},"schema":{"@context":"https:\/\/schema.org","@graph":[{"@type":"WebPage","@id":"https:\/\/www.holidayinn-trnava.sk\/en\/places-to-visit\/cathedral-of-st-jan-krstitel\/","url":"https:\/\/www.holidayinn-trnava.sk\/en\/places-to-visit\/cathedral-of-st-jan-krstitel\/","name":"Cathedral of st. J\u00e1n krstite\u013e &#8212; Holiday Inn Trnava &#8212;","isPartOf":{"@id":"https:\/\/www.holidayinn-trnava.sk\/en\/#website"},"datePublished":"2022-02-23T13:28:34+00:00","dateModified":"2022-02-23T13:30:21+00:00","description":"The first early-Baroque building in Slovakia is one of the most beautiful ones in Europe. It was built by Italian architects Pietro and Antonio Spazzovci","breadcrumb":{"@id":"https:\/\/www.holidayinn-trnava.sk\/en\/places-to-visit\/cathedral-of-st-jan-krstitel\/#breadcrumb"},"inLanguage":"en-US","potentialAction":[{"@type":"ReadAction","target":["https:\/\/www.holidayinn-trnava.sk\/en\/places-to-visit\/cathedral-of-st-jan-krstitel\/"]}]},{"@type":"BreadcrumbList","@id":"https:\/\/www.holidayinn-trnava.sk\/en\/places-to-visit\/cathedral-of-st-jan-krstitel\/#breadcrumb","itemListElement":[{"@type":"ListItem","position":1,"name":"Home","item":"https:\/\/www.holidayinn-trnava.sk\/en\/"},{"@type":"ListItem","position":2,"name":"Places to visit","item":"https:\/\/www.holidayinn-trnava.sk\/en\/places-to-visit\/"},{"@type":"ListItem","position":3,"name":"Cathedral of st. J\u00e1n krstite\u013e"}]},{"@type":"WebSite","@id":"https:\/\/www.holidayinn-trnava.sk\/en\/#website","url":"https:\/\/www.holidayinn-trnava.sk\/en\/","name":"Holiday Inn Trnava","description":"Just another ms.decms.eu site","potentialAction":[{"@type":"SearchAction","target":{"@type":"EntryPoint","urlTemplate":"https:\/\/www.holidayinn-trnava.sk\/en\/?s={search_term_string}"},"query-input":{"@type":"PropertyValueSpecification","valueRequired":true,"valueName":"search_term_string"}}],"inLanguage":"en-US"}]}},"acf":[],"_links":{"self":[{"href":"https:\/\/www.holidayinn-trnava.sk\/en\/wp-json\/wp\/v2\/pages\/228","targetHints":{"allow":["GET"]}}],"collection":[{"href":"https:\/\/www.holidayinn-trnava.sk\/en\/wp-json\/wp\/v2\/pages"}],"about":[{"href":"https:\/\/www.holidayinn-trnava.sk\/en\/wp-json\/wp\/v2\/types\/page"}],"author":[{"embeddable":true,"href":"https:\/\/www.holidayinn-trnava.sk\/en\/wp-json\/wp\/v2\/users\/7"}],"replies":[{"embeddable":true,"href":"https:\/\/www.holidayinn-trnava.sk\/en\/wp-json\/wp\/v2\/comments?post=228"}],"version-history":[{"count":0,"href":"https:\/\/www.holidayinn-trnava.sk\/en\/wp-json\/wp\/v2\/pages\/228\/revisions"}],"up":[{"embeddable":true,"href":"https:\/\/www.holidayinn-trnava.sk\/en\/wp-json\/wp\/v2\/pages\/223"}],"wp:attachment":[{"href":"https:\/\/www.holidayinn-trnava.sk\/en\/wp-json\/wp\/v2\/media?parent=228"}],"curies":[{"name":"wp","href":"https:\/\/api.w.org\/{rel}","templated":true}]}}