{"id":226,"date":"2022-02-23T13:23:55","date_gmt":"2022-02-23T13:23:55","guid":{"rendered":"https:\/\/trnava-holidayinn.ms.decms.eu\/?page_id=226"},"modified":"2022-02-23T13:24:37","modified_gmt":"2022-02-23T13:24:37","slug":"sculpture-of-the-holy-trinity","status":"publish","type":"page","link":"https:\/\/www.holidayinn-trnava.sk\/en\/places-to-visit\/sculpture-of-the-holy-trinity\/","title":{"rendered":"Sculpture of The Holy Trinity"},"content":{"rendered":"<p>This impressive baroque ensemble was created by J\u00e1n Kri\u0161tof Khien in 1695. The statues of St. Flori\u00e1n, St. Ag\u00e1ta, St. Franti\u0161ek Xaversk\u00fd and St. Anton Padu\u00e1nsky are placed on the corners of the four-sided foundation. In the stone tomb, lies the statue of St.<\/p>\n<p>Rosalia and at the top of the 4m high column you can see the sculpture of the Holy Trinity crowning the Virgin Mary. In the middle of the foundation walls, there are the emblems of Trnava, the Kingdom of Hungary, the bishop \u0160tefan Doln\u00fd and the relief of the Virgin Mary Immaculate.<\/p>\n","protected":false},"excerpt":{"rendered":"<p>This impressive baroque ensemble was created by J\u00e1n Kri\u0161tof Khien in 1695. The statues of St. Flori\u00e1n, St. Ag\u00e1ta, St. Franti\u0161ek Xaversk\u00fd and St. Anton Padu\u00e1nsky are placed on the corners of the four-sided foundation. In the stone tomb, lies the statue of St. Rosalia and at the top of the 4m high column you [&hellip;]<\/p>\n","protected":false},"author":7,"featured_media":0,"parent":223,"menu_order":1,"comment_status":"closed","ping_status":"closed","template":"","meta":{"footnotes":""},"class_list":["post-226","page","type-page","status-publish","hentry"],"yoast_head":"<!-- This site is optimized with the Yoast SEO plugin v26.9 - https:\/\/yoast.com\/product\/yoast-seo-wordpress\/ -->\n<title>Sculpture of The Holy Trinity &#8212; Holiday Inn Trnava &#8212;<\/title>\n<meta name=\"description\" content=\"This impressive baroque ensemble was created by J\u00e1n Kri\u0161tof Khien in 1695. The statues of St\" \/>\n<meta name=\"robots\" content=\"index, follow, max-snippet:-1, max-image-preview:large, max-video-preview:-1\" \/>\n<link rel=\"canonical\" href=\"https:\/\/www.holidayinn-trnava.sk\/en\/places-to-visit\/sculpture-of-the-holy-trinity\/\" \/>\n<meta property=\"og:locale\" content=\"en_US\" \/>\n<meta property=\"og:type\" content=\"article\" \/>\n<meta property=\"og:title\" content=\"Sculpture of The Holy Trinity &#8212; Holiday Inn Trnava &#8212;\" \/>\n<meta property=\"og:description\" content=\"This impressive baroque ensemble was created by J\u00e1n Kri\u0161tof Khien in 1695. The statues of St\" \/>\n<meta property=\"og:url\" content=\"https:\/\/www.holidayinn-trnava.sk\/en\/places-to-visit\/sculpture-of-the-holy-trinity\/\" \/>\n<meta property=\"og:site_name\" content=\"Holiday Inn Trnava\" \/>\n<meta property=\"article:modified_time\" content=\"2022-02-23T13:24:37+00:00\" \/>\n<meta name=\"twitter:card\" content=\"summary_large_image\" \/>\n<meta name=\"twitter:label1\" content=\"Est. reading time\" \/>\n\t<meta name=\"twitter:data1\" content=\"1 minute\" \/>\n<script type=\"application\/ld+json\" class=\"yoast-schema-graph\">{\"@context\":\"https:\/\/schema.org\",\"@graph\":[{\"@type\":\"WebPage\",\"@id\":\"https:\/\/www.holidayinn-trnava.sk\/en\/places-to-visit\/sculpture-of-the-holy-trinity\/\",\"url\":\"https:\/\/www.holidayinn-trnava.sk\/en\/places-to-visit\/sculpture-of-the-holy-trinity\/\",\"name\":\"Sculpture of The Holy Trinity &#8212; Holiday Inn Trnava &#8212;\",\"isPartOf\":{\"@id\":\"https:\/\/www.holidayinn-trnava.sk\/en\/#website\"},\"datePublished\":\"2022-02-23T13:23:55+00:00\",\"dateModified\":\"2022-02-23T13:24:37+00:00\",\"description\":\"This impressive baroque ensemble was created by J\u00e1n Kri\u0161tof Khien in 1695. The statues of St\",\"breadcrumb\":{\"@id\":\"https:\/\/www.holidayinn-trnava.sk\/en\/places-to-visit\/sculpture-of-the-holy-trinity\/#breadcrumb\"},\"inLanguage\":\"en-US\",\"potentialAction\":[{\"@type\":\"ReadAction\",\"target\":[\"https:\/\/www.holidayinn-trnava.sk\/en\/places-to-visit\/sculpture-of-the-holy-trinity\/\"]}]},{\"@type\":\"BreadcrumbList\",\"@id\":\"https:\/\/www.holidayinn-trnava.sk\/en\/places-to-visit\/sculpture-of-the-holy-trinity\/#breadcrumb\",\"itemListElement\":[{\"@type\":\"ListItem\",\"position\":1,\"name\":\"Home\",\"item\":\"https:\/\/www.holidayinn-trnava.sk\/en\/\"},{\"@type\":\"ListItem\",\"position\":2,\"name\":\"Places to visit\",\"item\":\"https:\/\/www.holidayinn-trnava.sk\/en\/places-to-visit\/\"},{\"@type\":\"ListItem\",\"position\":3,\"name\":\"Sculpture of The Holy Trinity\"}]},{\"@type\":\"WebSite\",\"@id\":\"https:\/\/www.holidayinn-trnava.sk\/en\/#website\",\"url\":\"https:\/\/www.holidayinn-trnava.sk\/en\/\",\"name\":\"Holiday Inn Trnava\",\"description\":\"Just another ms.decms.eu site\",\"potentialAction\":[{\"@type\":\"SearchAction\",\"target\":{\"@type\":\"EntryPoint\",\"urlTemplate\":\"https:\/\/www.holidayinn-trnava.sk\/en\/?s={search_term_string}\"},\"query-input\":{\"@type\":\"PropertyValueSpecification\",\"valueRequired\":true,\"valueName\":\"search_term_string\"}}],\"inLanguage\":\"en-US\"}]}<\/script>\n<!-- \/ Yoast SEO plugin. -->","yoast_head_json":{"title":"Sculpture of The Holy Trinity &#8212; Holiday Inn Trnava &#8212;","description":"This impressive baroque ensemble was created by J\u00e1n Kri\u0161tof Khien in 1695. The statues of St","robots":{"index":"index","follow":"follow","max-snippet":"max-snippet:-1","max-image-preview":"max-image-preview:large","max-video-preview":"max-video-preview:-1"},"canonical":"https:\/\/www.holidayinn-trnava.sk\/en\/places-to-visit\/sculpture-of-the-holy-trinity\/","og_locale":"en_US","og_type":"article","og_title":"Sculpture of The Holy Trinity &#8212; Holiday Inn Trnava &#8212;","og_description":"This impressive baroque ensemble was created by J\u00e1n Kri\u0161tof Khien in 1695. The statues of St","og_url":"https:\/\/www.holidayinn-trnava.sk\/en\/places-to-visit\/sculpture-of-the-holy-trinity\/","og_site_name":"Holiday Inn Trnava","article_modified_time":"2022-02-23T13:24:37+00:00","twitter_card":"summary_large_image","twitter_misc":{"Est. reading time":"1 minute"},"schema":{"@context":"https:\/\/schema.org","@graph":[{"@type":"WebPage","@id":"https:\/\/www.holidayinn-trnava.sk\/en\/places-to-visit\/sculpture-of-the-holy-trinity\/","url":"https:\/\/www.holidayinn-trnava.sk\/en\/places-to-visit\/sculpture-of-the-holy-trinity\/","name":"Sculpture of The Holy Trinity &#8212; Holiday Inn Trnava &#8212;","isPartOf":{"@id":"https:\/\/www.holidayinn-trnava.sk\/en\/#website"},"datePublished":"2022-02-23T13:23:55+00:00","dateModified":"2022-02-23T13:24:37+00:00","description":"This impressive baroque ensemble was created by J\u00e1n Kri\u0161tof Khien in 1695. The statues of St","breadcrumb":{"@id":"https:\/\/www.holidayinn-trnava.sk\/en\/places-to-visit\/sculpture-of-the-holy-trinity\/#breadcrumb"},"inLanguage":"en-US","potentialAction":[{"@type":"ReadAction","target":["https:\/\/www.holidayinn-trnava.sk\/en\/places-to-visit\/sculpture-of-the-holy-trinity\/"]}]},{"@type":"BreadcrumbList","@id":"https:\/\/www.holidayinn-trnava.sk\/en\/places-to-visit\/sculpture-of-the-holy-trinity\/#breadcrumb","itemListElement":[{"@type":"ListItem","position":1,"name":"Home","item":"https:\/\/www.holidayinn-trnava.sk\/en\/"},{"@type":"ListItem","position":2,"name":"Places to visit","item":"https:\/\/www.holidayinn-trnava.sk\/en\/places-to-visit\/"},{"@type":"ListItem","position":3,"name":"Sculpture of The Holy Trinity"}]},{"@type":"WebSite","@id":"https:\/\/www.holidayinn-trnava.sk\/en\/#website","url":"https:\/\/www.holidayinn-trnava.sk\/en\/","name":"Holiday Inn Trnava","description":"Just another ms.decms.eu site","potentialAction":[{"@type":"SearchAction","target":{"@type":"EntryPoint","urlTemplate":"https:\/\/www.holidayinn-trnava.sk\/en\/?s={search_term_string}"},"query-input":{"@type":"PropertyValueSpecification","valueRequired":true,"valueName":"search_term_string"}}],"inLanguage":"en-US"}]}},"acf":[],"_links":{"self":[{"href":"https:\/\/www.holidayinn-trnava.sk\/en\/wp-json\/wp\/v2\/pages\/226","targetHints":{"allow":["GET"]}}],"collection":[{"href":"https:\/\/www.holidayinn-trnava.sk\/en\/wp-json\/wp\/v2\/pages"}],"about":[{"href":"https:\/\/www.holidayinn-trnava.sk\/en\/wp-json\/wp\/v2\/types\/page"}],"author":[{"embeddable":true,"href":"https:\/\/www.holidayinn-trnava.sk\/en\/wp-json\/wp\/v2\/users\/7"}],"replies":[{"embeddable":true,"href":"https:\/\/www.holidayinn-trnava.sk\/en\/wp-json\/wp\/v2\/comments?post=226"}],"version-history":[{"count":0,"href":"https:\/\/www.holidayinn-trnava.sk\/en\/wp-json\/wp\/v2\/pages\/226\/revisions"}],"up":[{"embeddable":true,"href":"https:\/\/www.holidayinn-trnava.sk\/en\/wp-json\/wp\/v2\/pages\/223"}],"wp:attachment":[{"href":"https:\/\/www.holidayinn-trnava.sk\/en\/wp-json\/wp\/v2\/media?parent=226"}],"curies":[{"name":"wp","href":"https:\/\/api.w.org\/{rel}","templated":true}]}}